{"id":1755,"date":"2022-06-30T08:39:43","date_gmt":"2022-06-30T08:39:43","guid":{"rendered":"https:\/\/my-soc.net\/?page_id=1755"},"modified":"2022-07-11T09:25:37","modified_gmt":"2022-07-11T09:25:37","slug":"politica-de-privacidade","status":"publish","type":"page","link":"http:\/\/my-soc.net\/?page_id=1755","title":{"rendered":"Politica-de-privacidade"},"content":{"rendered":"\t\t<div data-elementor-type=\"wp-page\" data-elementor-id=\"1755\" class=\"elementor elementor-1755\">\n\t\t\t\t\t\t\t\t\t<section class=\"elementor-section elementor-top-section elementor-element elementor-element-e63be0a elementor-section-boxed elementor-section-height-default elementor-section-height-default\" data-id=\"e63be0a\" data-element_type=\"section\">\n\t\t\t\t\t\t<div class=\"elementor-container elementor-column-gap-default\">\n\t\t\t\t\t<div class=\"elementor-column elementor-col-100 elementor-top-column elementor-element elementor-element-0ef15c4\" data-id=\"0ef15c4\" data-element_type=\"column\">\n\t\t\t<div class=\"elementor-widget-wrap elementor-element-populated\">\n\t\t\t\t\t\t\t\t<div class=\"elementor-element elementor-element-faa72d9 elementor-widget elementor-widget-text-editor\" data-id=\"faa72d9\" data-element_type=\"widget\" data-widget_type=\"text-editor.default\">\n\t\t\t\t<div class=\"elementor-widget-container\">\n\t\t\t<style>\/*! elementor - v3.6.7 - 03-07-2022 *\/\n.elementor-widget-text-editor.elementor-drop-cap-view-stacked .elementor-drop-cap{background-color:#818a91;color:#fff}.elementor-widget-text-editor.elementor-drop-cap-view-framed .elementor-drop-cap{color:#818a91;border:3px solid;background-color:transparent}.elementor-widget-text-editor:not(.elementor-drop-cap-view-default) .elementor-drop-cap{margin-top:8px}.elementor-widget-text-editor:not(.elementor-drop-cap-view-default) .elementor-drop-cap-letter{width:1em;height:1em}.elementor-widget-text-editor .elementor-drop-cap{float:left;text-align:center;line-height:1;font-size:50px}.elementor-widget-text-editor .elementor-drop-cap-letter{display:inline-block}<\/style>\t\t\t\t<p class=\"western\" lang=\"es-ES-u-co-trad\" align=\"center\"><span lang=\"pt-PT\"><b>POL\u00cdTICA DE PRIVACIDADE E TERMOS DE UTILIZA\u00c7\u00c3O DO NOSSO SITE<\/b><\/span><\/p><p class=\"western\" lang=\"es-ES-u-co-trad\" align=\"justify\"><span lang=\"pt-PT\"><br \/>A <\/span><span lang=\"pt-PT\"><b>NOVABIT<\/b><\/span><span lang=\"pt-PT\"> respeita a privacidade dos visitantes do site <span style=\"text-decoration: underline;\"><strong><a href=\"http:\/\/www.my-soc.net\">www.my-soc.net<\/a><\/strong><\/span><\/span><span lang=\"pt-PT\"> e empreendem todos os cuidados para proteger as respectivas informa\u00e7\u00f5es. <\/span><\/p><p class=\"western\" lang=\"es-ES-u-co-trad\" align=\"justify\"><span lang=\"pt-PT\">Esta pol\u00edtica de privacidade, consiste em prestar as informa\u00e7\u00f5es que recolhemos e da forma como a podemos utilizar bem como das normas de seguran\u00e7a adotadas para proteger a sua identidade e dados pessoais.<\/span><\/p><p align=\"justify\"><b><u>Leia por favor esta Pol\u00edtica de Privacidade e Prote\u00e7\u00e3o de Dados com aten\u00e7\u00e3o<\/u><\/b>\u00a0pois, se est\u00e1 a aceder a um dos nossos websites, ou a adquirir um dos nossos servi\u00e7os, a disponibiliza\u00e7\u00e3o dos seus dados pessoais implica o\u00a0conhecimento e aceita\u00e7\u00e3o das condi\u00e7\u00f5es aqui constantes. Assim, ao disponibilizar os\u00a0seus dados pessoais, est\u00e1 a autorizar a recolha, uso e divulga\u00e7\u00e3o, quando aplic\u00e1vel, dos mesmos de acordo\u00a0com as regras aqui definidas.<\/p><p align=\"justify\">A Novabit reserva-se o direito de a qualquer altura, proceder a reajustamentos ou\u00a0altera\u00e7\u00f5es \u00e0 presente Pol\u00edtica de Privacidade de Prote\u00e7\u00e3o de Dados, sendo essas\u00a0altera\u00e7\u00f5es devidamente publicitadas nos websites da NOVABIT<\/p><p class=\"western\" align=\"justify\"><b>O que s\u00e3o Dados Pessoais?<\/b><\/p><p align=\"justify\">Por dados pessoais entende-se qualquer informa\u00e7\u00e3o, de qualquer natureza e\u00a0independentemente do respetivo suporte, relativa a uma pessoa singular identificada ou\u00a0identific\u00e1vel (\u00e9 considerada identific\u00e1vel a pessoa que possa ser identificada direta ou\u00a0indiretamente, designadamente por refer\u00eancia a um n\u00famero de identifica\u00e7\u00e3o ou a um ou\u00a0mais elementos espec\u00edficos da sua identidade f\u00edsica, fisiol\u00f3gica, ps\u00edquica, econ\u00f3mica,\u00a0cultural ou social).<\/p><p class=\"western\" lang=\"es-ES-u-co-trad\" align=\"justify\"><span lang=\"pt-PT\"><b>QUE TIPO DE INFORMA\u00c7\u00d5ES RECOLHEMOS:<\/b><\/span><\/p><p class=\"western\" lang=\"es-ES-u-co-trad\" align=\"justify\"><span lang=\"pt-PT\">Podem ser solicitadas informa\u00e7\u00f5es pessoais, como o seu nome, endere\u00e7o de correio eletr\u00f3nico, etc.<\/span><\/p><p class=\"western\" lang=\"es-ES-u-co-trad\" align=\"justify\"><span lang=\"pt-PT\">As informa\u00e7\u00f5es supra podem ser solicitadas quando se inscreve ou preenche formul\u00e1rio de contacto quer como trabalhador, candidato a emprego, formando, formador, cliente, fornecedor, visitante, etc., e ou quando recebe ou envia mensagens de correio eletr\u00f3nico e para servi\u00e7os que exigem um registo ou uma subscri\u00e7\u00e3o. <\/span><\/p><p class=\"western\" lang=\"es-ES-u-co-trad\" align=\"justify\"><span lang=\"pt-PT\"><br \/>Utilizamos \u201ccookies\u201d para recolher informa\u00e7\u00f5es acerca das suas visitas ao nosso Web site e para melhorar a sua experi\u00eancia. Pode encontrar mais informa\u00e7\u00f5es acerca da forma como utilizamos cookies na sec\u00e7\u00e3o infra Utiliza\u00e7\u00e3o de cookies\u201d.<\/span><\/p><p class=\"western\" lang=\"es-ES-u-co-trad\" align=\"justify\"><span lang=\"pt-PT\"><br \/>Quando visita o nosso Web site, recolhemos dados conhecidos como \u201cpercurso de cliques\u201d (endere\u00e7o do servidor, nome de dom\u00ednio, etc.).<\/span><\/p><p class=\"western\" lang=\"es-ES-u-co-trad\" align=\"justify\"><span lang=\"pt-PT\">Estas informa\u00e7\u00f5es\/dados s\u00e3o armazenadas de forma an\u00f3nima e servem apenas para an\u00e1lise estat\u00edstica generalizada, webmining, com o objetivo de melhorar os nossos servi\u00e7os.<\/span><\/p><p><span lang=\"pt-PT\"><b>UTILIZA\u00c7\u00c3O DAS INFORMA\u00c7\u00d5ES DOS VISITANTES:<\/b><\/span><\/p><p class=\"western\" lang=\"es-ES-u-co-trad\" align=\"justify\"><span lang=\"pt-PT\">Todas as informa\u00e7\u00f5es pessoais que obtemos ser\u00e3o registadas, utilizadas e protegidas em conformidade com legisla\u00e7\u00e3o comunit\u00e1ria vigente em mat\u00e9ria de protec\u00e7\u00e3o de dados e com esta pol\u00edtica de privacidade. <\/span><\/p><p class=\"western\" lang=\"es-ES-u-co-trad\" align=\"justify\"><span lang=\"pt-PT\"><br \/><\/span><span lang=\"pt-PT\"><b>PROTEC\u00c7\u00c3O DAS INFORMA\u00c7\u00d5ES DOS VISITANTES<\/b><\/span><\/p><p class=\"western\" lang=\"es-ES-u-co-trad\" align=\"justify\"><span lang=\"pt-PT\">As informa\u00e7\u00f5es que nos fornece ao visitar o nosso Web site, est\u00e3o protegidas no \u00e2mbito da implementa\u00e7\u00e3o das v\u00e1rias medidas de seguran\u00e7a, nomeadamente atrav\u00e9s de acesso condicionado, e de salvaguardada confidencialidade das informa\u00e7\u00f5es.<\/span><\/p><p class=\"western\" lang=\"es-ES-u-co-trad\" align=\"justify\"><span lang=\"pt-PT\"><br \/>Alertamos, contudo, que ao fornecer informa\u00e7\u00f5es pessoais online, existe um risco de terceiros poderem interceptar e utilizar estas informa\u00e7\u00f5es, pelo que em termos de seguran\u00e7a de qualquer informa\u00e7\u00e3o que divulgue online; f\u00e1-lo-\u00e1 por sua pr\u00f3pria conta e risco.<\/span><\/p><p class=\"western\" lang=\"es-ES-u-co-trad\" align=\"justify\"><span lang=\"pt-PT\"><br \/><\/span><span lang=\"pt-PT\"><b>PRIVACIDADE DE MENORES (CRIAN\u00c7AS E JOVENS)<\/b><\/span><\/p><p class=\"western\" lang=\"es-ES-u-co-trad\" align=\"justify\"><span lang=\"pt-PT\">A empresa NOVABIT est\u00e1 empenhada em proteger a privacidade de crian\u00e7as e n\u00e3o pretende recolher dados pessoais de menores com idade inferior a 16 anos (A idade legalmente definida em termos de RCPD). Se o utilizador for uma crian\u00e7a com idade inferior a 16 anos e tentar enviar o seu registo, o mesmo ser\u00e1 rejeitado e a crian\u00e7a ser\u00e1 informada de que n\u00e3o aceitamos registos provenientes de crian\u00e7as com idade inferior a 16 anos. Incentivamos os pais e os respons\u00e1veis por menores com idade inferior a 16 anos a controlarem e supervisionarem regularmente a utiliza\u00e7\u00e3o do correio electr\u00f3nico e as outras actividades online das crian\u00e7as.<\/span><\/p><p class=\"western\" lang=\"es-ES-u-co-trad\" align=\"justify\"><span lang=\"pt-PT\"><b><br \/>UTILIZA\u00c7\u00c3O DE COOKIES<\/b><\/span><\/p><p class=\"western\" lang=\"es-ES-u-co-trad\" align=\"justify\"><span lang=\"pt-PT\">Caso pretenda poder\u00e1 desativar todos os cookies, caso prefira n\u00e3o os receber. Tamb\u00e9m pode fazer com que o seu computador o avise da utiliza\u00e7\u00e3o de cookies. Em ambos os casos, tem de ajustar as defini\u00e7\u00f5es do seu navegador. <\/span><\/p><p class=\"western\"><b>Por quanto tempo conservamos os seus dados pessoais?<\/b><\/p><p align=\"justify\">O per\u00edodo de tempo durante o qual os dados s\u00e3o armazenados e conservados varia de\u00a0acordo com a finalidade para a qual a informa\u00e7\u00e3o \u00e9 tratada.<\/p><p align=\"justify\">Nos casos em que n\u00e3o exista uma exig\u00eancia legal espec\u00edfica, os dados ser\u00e3o\u00a0armazenados e conservados pelo per\u00edodo m\u00ednimo necess\u00e1rio para as finalidades que\u00a0motivaram a sua recolha ou tratamento ou pelo espa\u00e7o de tempo autorizado pela\u00a0Comiss\u00e3o Nacional de Prote\u00e7\u00e3o de Dados, findo o qual os mesmos ser\u00e3o eliminados.<\/p><p class=\"western\" lang=\"es-ES-u-co-trad\" align=\"justify\"><span lang=\"pt-PT\"><b>RECTIFICA\u00c7\u00c3O, ELIMINA\u00c7\u00c3O OU MODIFICA\u00c7\u00c3O OU ACTUALIZA\u00c7\u00c3O DE INFORMA\u00c7\u00d5ES PESSOAIS<\/b><\/span><\/p><p class=\"western\" lang=\"es-ES-u-co-trad\" align=\"justify\"><span lang=\"pt-PT\">Caso pretenda, pode cancelar o seu registo ou utiliza\u00e7\u00e3o em qualquer altura e pode optar por n\u00e3o receber quaisquer mensagens de correio electr\u00f3nico e\/ou mensagens SMS, e pode tamb\u00e9m optar por eliminar todas as suas informa\u00e7\u00f5es pessoais da nossa base de dados.<\/span><\/p><p>Se pretender pode tamb\u00e9m anular subscri\u00e7\u00f5es, eliminar ou modificar as suas informa\u00e7\u00f5es pessoais.<\/p><p class=\"western\" lang=\"es-ES-u-co-trad\" align=\"justify\"><span lang=\"pt-PT\"><b>NOSSO CONTACTO<\/b><\/span><\/p><p class=\"western\" lang=\"es-ES-u-co-trad\" align=\"justify\"><span lang=\"pt-PT\">Se tiver quaisquer perguntas ou coment\u00e1rios relativamente ao nosso Web site e\/ou \u00e0 nossa pol\u00edtica de privacidade, escreva-os para o endere\u00e7o presente no nosso website.<\/span><\/p><p class=\"western\" lang=\"es-ES-u-co-trad\" align=\"justify\"><span lang=\"pt-PT\"><b>O CONSENTIMENTO DO TITULAR DOS DADOS <\/b><\/span><\/p><p class=\"western\" lang=\"es-ES-u-co-trad\" align=\"justify\"><span lang=\"pt-PT\">Ao utilizar o nosso Web site confirma que aceita os termos desta Pol\u00edtica de Privacidade, assim como os nossos Termos e Condi\u00e7\u00f5es. Caso n\u00e3o concorde com os termos da nossa Pol\u00edtica de Privacidade e os nossos Termos e Condi\u00e7\u00f5es, solicita-se que n\u00e3o nos forne\u00e7a informa\u00e7\u00f5es pessoais e cesse a utiliza\u00e7\u00e3o no nosso Web site.<\/span><\/p><p class=\"western\" lang=\"es-ES-u-co-trad\" align=\"justify\"><span lang=\"pt-PT\"><b>DIREITO DO TITULAR DOS DADOS AO ACESSO \u00c0S SUAS INFORMA\u00c7\u00d5ES PESSOAIS<\/b><\/span><\/p><p class=\"western\" lang=\"es-ES-u-co-trad\" align=\"justify\"><span lang=\"pt-PT\">O titular dos dados tem o direito de receber uma c\u00f3pia das suas informa\u00e7\u00f5es pessoais em nosso poder.<\/span><\/p><p class=\"western\" lang=\"es-ES-u-co-trad\" align=\"justify\"><span lang=\"pt-PT\">A empresa reserva-se o direito de cobrar uma pequena taxa (valor a definir) para custos administrativos e inform\u00e1ticos de qualquer pedido efetuado.<\/span><\/p><p>O exerc\u00edcio deste direito tem lugar atrav\u00e9s do\u00a0contacto info@my-soc.net<\/p><p class=\"western\" lang=\"es-ES-u-co-trad\" align=\"justify\"><span lang=\"pt-PT\"><br \/><\/span><span lang=\"pt-PT\"><b>DIREITO DO TITULAR DOS DADOS \u00c0 ELIMINA\u00c7\u00c3O DE DADOS PESSOAIS<\/b><\/span><\/p><p class=\"western\" lang=\"es-ES-u-co-trad\" align=\"justify\"><span lang=\"pt-PT\">Caso seja utilizador do nosso website atrav\u00e9s do processo de registo de utilizador, os seus dados estar\u00e3o armazenados numa base de dados espec\u00edfica de controlo de utilizadores. <\/span><\/p><p class=\"western\" lang=\"es-ES-u-co-trad\" align=\"justify\"><span lang=\"pt-PT\">Por\u00e9m o Titular dos Dados poder\u00e1 requer a sua elimina\u00e7\u00e3o sempre que pretender, atrav\u00e9s do pedido por escrito para a nossa morada oficial presente no website. <\/span><\/p><p class=\"western\"><b>Quais as medidas adotadas pela NOVABIT para assegurar a seguran\u00e7a dos seus dados pessoais?<\/b><\/p><p align=\"justify\">A NOVABIT assume o compromisso de garantir a prote\u00e7\u00e3o da seguran\u00e7a dos dados pessoais\u00a0que nos s\u00e3o disponibilizados, tendo aprovado e implementado rigorosas regras nesta mat\u00e9ria.<\/p><p align=\"justify\">A NOVABIT adota diversas medidas de seguran\u00e7a, de car\u00e1cter t\u00e9cnico e organizativo, de\u00a0forma a proteger os dados pessoais que s\u00e3o disponibilizados, designadamente contra a\u00a0sua difus\u00e3o, perda, uso indevido, altera\u00e7\u00e3o, tratamento ou acesso n\u00e3o autorizado bem\u00a0como, contra qualquer outra forma de tratamento il\u00edcito.<\/p><p class=\"western\" lang=\"es-ES-u-co-trad\" align=\"justify\"><span lang=\"pt-PT\"><b>POL\u00edTICA DE PRIVACIDADE <\/b><\/span><\/p><p class=\"western\" lang=\"es-ES-u-co-trad\" align=\"justify\"><span lang=\"pt-PT\">A pol\u00edtica de privacidade online aplica-se apenas \u00e0s informa\u00e7\u00f5es recolhidas atrav\u00e9s do nosso Web site e n\u00e3o \u00e0s informa\u00e7\u00f5es recolhidas offline.<\/span><\/p><p><b>Entidade respons\u00e1vel pelo tratamento de dados pessoais<\/b><\/p><p class=\"western\" lang=\"es-ES-u-co-trad\" align=\"justify\"><span lang=\"pt-PT\">Novabit, Inform\u00e1tica Unipessoal LDA<\/span><\/p><p class=\"western\" lang=\"es-ES-u-co-trad\" align=\"justify\"><span lang=\"pt-PT\">PITE, Rua Circular Norte, Lote 23<\/span><\/p><p class=\"western\" lang=\"es-ES-u-co-trad\" align=\"justify\"><span lang=\"pt-PT\">7005-841 \u00c9vora<\/span><\/p><p class=\"western\" lang=\"es-ES-u-co-trad\" align=\"justify\"><u><a href=\"mailto:info@my-soc.net\">info@my-soc.net<\/a><span lang=\"pt-PT\"><br \/><\/span><\/u><\/p><p class=\"western\" lang=\"es-ES-u-co-trad\" align=\"justify\"><span lang=\"pt-PT\">Telefone: 266\u00a0730 230<\/span><\/p>\t\t\t\t\t\t<\/div>\n\t\t\t\t<\/div>\n\t\t\t\t\t<\/div>\n\t\t<\/div>\n\t\t\t\t\t\t\t<\/div>\n\t\t<\/section>\n\t\t\t\t\t\t\t<\/div>\n\t\t","protected":false},"excerpt":{"rendered":"<p>POL\u00cdTICA DE PRIVACIDADE E TERMOS DE UTILIZA\u00c7\u00c3O DO NOSSO SITE A NOVABIT respeita a privacidade dos visitantes do site www.my-soc.net e empreendem todos os cuidados para proteger as respectivas informa\u00e7\u00f5es. Esta pol\u00edtica de privacidade, consiste em prestar as informa\u00e7\u00f5es que recolhemos e da forma como a podemos utilizar bem como das normas de seguran\u00e7a adotadas [&hellip;]<\/p>\n","protected":false},"author":1,"featured_media":0,"parent":0,"menu_order":0,"comment_status":"closed","ping_status":"closed","template":"","meta":{"footnotes":""},"class_list":["post-1755","page","type-page","status-publish","hentry","entry"],"_links":{"self":[{"href":"http:\/\/my-soc.net\/index.php?rest_route=\/wp\/v2\/pages\/1755","targetHints":{"allow":["GET"]}}],"collection":[{"href":"http:\/\/my-soc.net\/index.php?rest_route=\/wp\/v2\/pages"}],"about":[{"href":"http:\/\/my-soc.net\/index.php?rest_route=\/wp\/v2\/types\/page"}],"author":[{"embeddable":true,"href":"http:\/\/my-soc.net\/index.php?rest_route=\/wp\/v2\/users\/1"}],"replies":[{"embeddable":true,"href":"http:\/\/my-soc.net\/index.php?rest_route=%2Fwp%2Fv2%2Fcomments&post=1755"}],"version-history":[{"count":23,"href":"http:\/\/my-soc.net\/index.php?rest_route=\/wp\/v2\/pages\/1755\/revisions"}],"predecessor-version":[{"id":2281,"href":"http:\/\/my-soc.net\/index.php?rest_route=\/wp\/v2\/pages\/1755\/revisions\/2281"}],"wp:attachment":[{"href":"http:\/\/my-soc.net\/index.php?rest_route=%2Fwp%2Fv2%2Fmedia&parent=1755"}],"curies":[{"name":"wp","href":"https:\/\/api.w.org\/{rel}","templated":true}]}}