{"id":1786,"date":"2022-06-30T14:36:34","date_gmt":"2022-06-30T14:36:34","guid":{"rendered":"https:\/\/my-soc.net\/?page_id=1786"},"modified":"2022-07-05T09:06:49","modified_gmt":"2022-07-05T09:06:49","slug":"my-soc","status":"publish","type":"page","link":"https:\/\/my-soc.net\/?page_id=1786","title":{"rendered":"My-Soc"},"content":{"rendered":"\t\t<div data-elementor-type=\"wp-page\" data-elementor-id=\"1786\" class=\"elementor elementor-1786\">\n\t\t\t\t\t\t\t\t\t<section class=\"elementor-section elementor-top-section elementor-element elementor-element-8176486 elementor-section-boxed elementor-section-height-default elementor-section-height-default\" data-id=\"8176486\" data-element_type=\"section\">\n\t\t\t\t\t\t<div class=\"elementor-container elementor-column-gap-default\">\n\t\t\t\t\t<div class=\"elementor-column elementor-col-100 elementor-top-column elementor-element elementor-element-831196c\" data-id=\"831196c\" data-element_type=\"column\">\n\t\t\t<div class=\"elementor-widget-wrap elementor-element-populated\">\n\t\t\t\t\t\t\t\t<div class=\"elementor-element elementor-element-bbdffb1 elementor-widget elementor-widget-text-editor\" data-id=\"bbdffb1\" data-element_type=\"widget\" data-widget_type=\"text-editor.default\">\n\t\t\t\t<div class=\"elementor-widget-container\">\n\t\t\t<style>\/*! elementor - v3.6.7 - 03-07-2022 *\/\n.elementor-widget-text-editor.elementor-drop-cap-view-stacked .elementor-drop-cap{background-color:#818a91;color:#fff}.elementor-widget-text-editor.elementor-drop-cap-view-framed .elementor-drop-cap{color:#818a91;border:3px solid;background-color:transparent}.elementor-widget-text-editor:not(.elementor-drop-cap-view-default) .elementor-drop-cap{margin-top:8px}.elementor-widget-text-editor:not(.elementor-drop-cap-view-default) .elementor-drop-cap-letter{width:1em;height:1em}.elementor-widget-text-editor .elementor-drop-cap{float:left;text-align:center;line-height:1;font-size:50px}.elementor-widget-text-editor .elementor-drop-cap-letter{display:inline-block}<\/style>\t\t\t\t<p><strong>O que \u00e9 o MY-SOC?<\/strong><\/p>\t\t\t\t\t\t<\/div>\n\t\t\t\t<\/div>\n\t\t\t\t\t<\/div>\n\t\t<\/div>\n\t\t\t\t\t\t\t<\/div>\n\t\t<\/section>\n\t\t\t\t<section class=\"elementor-section elementor-top-section elementor-element elementor-element-78f9e37 elementor-section-boxed elementor-section-height-default elementor-section-height-default\" data-id=\"78f9e37\" data-element_type=\"section\">\n\t\t\t\t\t\t<div class=\"elementor-container elementor-column-gap-default\">\n\t\t\t\t\t<div class=\"elementor-column elementor-col-100 elementor-top-column elementor-element elementor-element-a4580f6\" data-id=\"a4580f6\" data-element_type=\"column\">\n\t\t\t<div class=\"elementor-widget-wrap elementor-element-populated\">\n\t\t\t\t\t\t\t\t<div class=\"elementor-element elementor-element-e6def82 elementor-widget elementor-widget-text-editor\" data-id=\"e6def82\" data-element_type=\"widget\" data-widget_type=\"text-editor.default\">\n\t\t\t\t<div class=\"elementor-widget-container\">\n\t\t\t\t\t\t\t<p>\u00a0O MY-SOC \u00e9 um Centro de Opera\u00e7\u00f5es de Seguran\u00e7a em ingl\u00eas &#8220;Security Operations Center&#8221;, sigla SOC, plataforma de seguran\u00e7a em um sistema de informa\u00e7\u00e3o.<\/p>\t\t\t\t\t\t<\/div>\n\t\t\t\t<\/div>\n\t\t\t\t\t<\/div>\n\t\t<\/div>\n\t\t\t\t\t\t\t<\/div>\n\t\t<\/section>\n\t\t\t\t<section class=\"elementor-section elementor-top-section elementor-element elementor-element-7e9a1b7 elementor-section-boxed elementor-section-height-default elementor-section-height-default\" data-id=\"7e9a1b7\" data-element_type=\"section\">\n\t\t\t\t\t\t<div class=\"elementor-container elementor-column-gap-default\">\n\t\t\t\t\t<div class=\"elementor-column elementor-col-100 elementor-top-column elementor-element elementor-element-98854e3\" data-id=\"98854e3\" data-element_type=\"column\">\n\t\t\t<div class=\"elementor-widget-wrap elementor-element-populated\">\n\t\t\t\t\t\t\t\t<div class=\"elementor-element elementor-element-8985bd6 elementor-widget elementor-widget-image\" data-id=\"8985bd6\" data-element_type=\"widget\" data-widget_type=\"image.default\">\n\t\t\t\t<div class=\"elementor-widget-container\">\n\t\t\t<style>\/*! elementor - v3.6.7 - 03-07-2022 *\/\n.elementor-widget-image{text-align:center}.elementor-widget-image a{display:inline-block}.elementor-widget-image a img[src$=\".svg\"]{width:48px}.elementor-widget-image img{vertical-align:middle;display:inline-block}<\/style>\t\t\t\t\t\t\t\t\t\t\t\t<img loading=\"lazy\" decoding=\"async\" width=\"768\" height=\"432\" src=\"https:\/\/my-soc.net\/wp-content\/uploads\/2022\/04\/346dsgsdfg-768x432.jpg\" class=\"attachment-medium_large size-medium_large\" alt=\"\" srcset=\"https:\/\/my-soc.net\/wp-content\/uploads\/2022\/04\/346dsgsdfg-768x432.jpg 768w, https:\/\/my-soc.net\/wp-content\/uploads\/2022\/04\/346dsgsdfg-300x169.jpg 300w, https:\/\/my-soc.net\/wp-content\/uploads\/2022\/04\/346dsgsdfg-1024x576.jpg 1024w, https:\/\/my-soc.net\/wp-content\/uploads\/2022\/04\/346dsgsdfg-800x450.jpg 800w, https:\/\/my-soc.net\/wp-content\/uploads\/2022\/04\/346dsgsdfg.jpg 1140w\" sizes=\"auto, (max-width: 768px) 100vw, 768px\" \/>\t\t\t\t\t\t\t\t\t\t\t\t\t\t\t<\/div>\n\t\t\t\t<\/div>\n\t\t\t\t\t<\/div>\n\t\t<\/div>\n\t\t\t\t\t\t\t<\/div>\n\t\t<\/section>\n\t\t\t\t\t\t\t<\/div>\n\t\t","protected":false},"excerpt":{"rendered":"<p>O que \u00e9 o MY-SOC? \u00a0O MY-SOC \u00e9 um Centro de Opera\u00e7\u00f5es de Seguran\u00e7a em ingl\u00eas &#8220;Security Operations Center&#8221;, sigla SOC, plataforma de seguran\u00e7a em um sistema de informa\u00e7\u00e3o.<\/p>\n","protected":false},"author":1,"featured_media":0,"parent":0,"menu_order":0,"comment_status":"closed","ping_status":"closed","template":"","meta":{"footnotes":""},"class_list":["post-1786","page","type-page","status-publish","hentry","entry"],"_links":{"self":[{"href":"https:\/\/my-soc.net\/index.php?rest_route=\/wp\/v2\/pages\/1786","targetHints":{"allow":["GET"]}}],"collection":[{"href":"https:\/\/my-soc.net\/index.php?rest_route=\/wp\/v2\/pages"}],"about":[{"href":"https:\/\/my-soc.net\/index.php?rest_route=\/wp\/v2\/types\/page"}],"author":[{"embeddable":true,"href":"https:\/\/my-soc.net\/index.php?rest_route=\/wp\/v2\/users\/1"}],"replies":[{"embeddable":true,"href":"https:\/\/my-soc.net\/index.php?rest_route=%2Fwp%2Fv2%2Fcomments&post=1786"}],"version-history":[{"count":34,"href":"https:\/\/my-soc.net\/index.php?rest_route=\/wp\/v2\/pages\/1786\/revisions"}],"predecessor-version":[{"id":2247,"href":"https:\/\/my-soc.net\/index.php?rest_route=\/wp\/v2\/pages\/1786\/revisions\/2247"}],"wp:attachment":[{"href":"https:\/\/my-soc.net\/index.php?rest_route=%2Fwp%2Fv2%2Fmedia&parent=1786"}],"curies":[{"name":"wp","href":"https:\/\/api.w.org\/{rel}","templated":true}]}}