{"id":2250,"date":"2022-07-05T10:49:28","date_gmt":"2022-07-05T10:49:28","guid":{"rendered":"https:\/\/my-soc.net\/?page_id=2250"},"modified":"2022-07-05T11:00:46","modified_gmt":"2022-07-05T11:00:46","slug":"elementor-2250","status":"publish","type":"page","link":"https:\/\/my-soc.net\/?page_id=2250","title":{"rendered":"Quais as caracter\u00edsticas e fun\u00e7\u00f5es?"},"content":{"rendered":"\t\t<div data-elementor-type=\"wp-page\" data-elementor-id=\"2250\" class=\"elementor elementor-2250\">\n\t\t\t\t\t\t\t\t\t<section class=\"elementor-section elementor-top-section elementor-element elementor-element-8acf73f elementor-section-boxed elementor-section-height-default elementor-section-height-default\" data-id=\"8acf73f\" data-element_type=\"section\">\n\t\t\t\t\t\t<div class=\"elementor-container elementor-column-gap-default\">\n\t\t\t\t\t<div class=\"elementor-column elementor-col-100 elementor-top-column elementor-element elementor-element-2d04cc6\" data-id=\"2d04cc6\" data-element_type=\"column\">\n\t\t\t<div class=\"elementor-widget-wrap elementor-element-populated\">\n\t\t\t\t\t\t\t\t<div class=\"elementor-element elementor-element-3a22a15 elementor-widget elementor-widget-text-editor\" data-id=\"3a22a15\" data-element_type=\"widget\" data-widget_type=\"text-editor.default\">\n\t\t\t\t<div class=\"elementor-widget-container\">\n\t\t\t<style>\/*! elementor - v3.6.7 - 03-07-2022 *\/\n.elementor-widget-text-editor.elementor-drop-cap-view-stacked .elementor-drop-cap{background-color:#818a91;color:#fff}.elementor-widget-text-editor.elementor-drop-cap-view-framed .elementor-drop-cap{color:#818a91;border:3px solid;background-color:transparent}.elementor-widget-text-editor:not(.elementor-drop-cap-view-default) .elementor-drop-cap{margin-top:8px}.elementor-widget-text-editor:not(.elementor-drop-cap-view-default) .elementor-drop-cap-letter{width:1em;height:1em}.elementor-widget-text-editor .elementor-drop-cap{float:left;text-align:center;line-height:1;font-size:50px}.elementor-widget-text-editor .elementor-drop-cap-letter{display:inline-block}<\/style>\t\t\t\t<p><strong>Quais as caracter\u00edsticas e fun\u00e7\u00f5es do MY-SOC?<\/strong><\/p>\t\t\t\t\t\t<\/div>\n\t\t\t\t<\/div>\n\t\t\t\t\t<\/div>\n\t\t<\/div>\n\t\t\t\t\t\t\t<\/div>\n\t\t<\/section>\n\t\t\t\t<section class=\"elementor-section elementor-top-section elementor-element elementor-element-229511d elementor-section-boxed elementor-section-height-default elementor-section-height-default\" data-id=\"229511d\" data-element_type=\"section\">\n\t\t\t\t\t\t<div class=\"elementor-container elementor-column-gap-default\">\n\t\t\t\t\t<div class=\"elementor-column elementor-col-33 elementor-top-column elementor-element elementor-element-852fd6e\" data-id=\"852fd6e\" data-element_type=\"column\">\n\t\t\t<div class=\"elementor-widget-wrap elementor-element-populated\">\n\t\t\t\t\t\t\t\t<div class=\"elementor-element elementor-element-6bb797d elementor-widget elementor-widget-text-editor\" data-id=\"6bb797d\" data-element_type=\"widget\" data-widget_type=\"text-editor.default\">\n\t\t\t\t<div class=\"elementor-widget-container\">\n\t\t\t\t\t\t\t<p><strong>Descri\u00e7\u00e3o<\/strong><\/p>\t\t\t\t\t\t<\/div>\n\t\t\t\t<\/div>\n\t\t\t\t\t<\/div>\n\t\t<\/div>\n\t\t\t\t<div class=\"elementor-column elementor-col-33 elementor-top-column elementor-element elementor-element-6b8e700\" data-id=\"6b8e700\" data-element_type=\"column\">\n\t\t\t<div class=\"elementor-widget-wrap elementor-element-populated\">\n\t\t\t\t\t\t\t\t<div class=\"elementor-element elementor-element-f8be1f3 elementor-widget elementor-widget-text-editor\" data-id=\"f8be1f3\" data-element_type=\"widget\" data-widget_type=\"text-editor.default\">\n\t\t\t\t<div class=\"elementor-widget-container\">\n\t\t\t\t\t\t\t<p class=\"western\"><strong>Expans\u00f5es \u00e0s caracter\u00edsticas b\u00e1sicas<\/strong><\/p>\t\t\t\t\t\t<\/div>\n\t\t\t\t<\/div>\n\t\t\t\t\t<\/div>\n\t\t<\/div>\n\t\t\t\t<div class=\"elementor-column elementor-col-33 elementor-top-column elementor-element elementor-element-8c34e24\" data-id=\"8c34e24\" data-element_type=\"column\">\n\t\t\t<div class=\"elementor-widget-wrap elementor-element-populated\">\n\t\t\t\t\t\t\t\t<div class=\"elementor-element elementor-element-0b73a0d elementor-widget elementor-widget-text-editor\" data-id=\"0b73a0d\" data-element_type=\"widget\" data-widget_type=\"text-editor.default\">\n\t\t\t\t<div class=\"elementor-widget-container\">\n\t\t\t\t\t\t\t<p class=\"western\"><strong>Diferentes Aspetos<\/strong><\/p>\t\t\t\t\t\t<\/div>\n\t\t\t\t<\/div>\n\t\t\t\t\t<\/div>\n\t\t<\/div>\n\t\t\t\t\t\t\t<\/div>\n\t\t<\/section>\n\t\t\t\t<section class=\"elementor-section elementor-top-section elementor-element elementor-element-b170d62 elementor-section-boxed elementor-section-height-default elementor-section-height-default\" data-id=\"b170d62\" data-element_type=\"section\">\n\t\t\t\t\t\t<div class=\"elementor-container elementor-column-gap-default\">\n\t\t\t\t\t<div class=\"elementor-column elementor-col-33 elementor-top-column elementor-element elementor-element-4dfecec\" data-id=\"4dfecec\" data-element_type=\"column\">\n\t\t\t<div class=\"elementor-widget-wrap elementor-element-populated\">\n\t\t\t\t\t\t\t\t<div class=\"elementor-element elementor-element-b5fc8cb elementor-widget elementor-widget-text-editor\" data-id=\"b5fc8cb\" data-element_type=\"widget\" data-widget_type=\"text-editor.default\">\n\t\t\t\t<div class=\"elementor-widget-container\">\n\t\t\t\t\t\t\t<ul>\n<li>Firewall com ou sem DMZ;<\/li>\n<li>Servidor de Proxy com cache da Web (transparente ou n\u00e3o, com ou sem autentica\u00e7\u00e3o);<\/li>\n<li>Estat\u00edsticas e relat\u00f3rios do Proxy, gerais ou por usu\u00e1rio;<\/li>\n<li>Filtro de conte\u00fados e bloqueio de Sites;<\/li>\n<li>Bloqueador de Programas peer-to-peer;<\/li>\n<li>Intrusion Detection System (IDS);<\/li>\n<li>Servidor DHCP, cliente e\/ou Servidor;<\/li>\n<li>Monitoriza\u00e7\u00e3o de tr\u00e1fico;<\/li>\n<li>Manuseamento da largura de banda (Traffic Shaping);<\/li>\n<li>DNS Server e\/ou Cache de DNS e Dynamic DNS;<\/li>\n<li>Servidor LAMP (Apache WEBServer, PHP e MySQL);<\/li>\n<li>Servidor VoIP;<\/li>\n<li>Servidor SAMBA e de Backup\u2019s;<\/li>\n<li>VPN\u2019s &#8211; LAN-to-LAN (IPsec) e LAN-to-PC (PPTP);<\/li>\n<li>Servidor FileServer de Anti V\u00edrus;<\/li>\n<li>Servidor de Correio Eletr\u00f3nico com Antiv\u00edrus, Antispam e Antispam-Dspam;<\/li>\n<li>Manuseamento de Dom\u00ednios Virtuais;<\/li>\n<li>Estat\u00edsticas de uso do Servidor de Correio;<\/li>\n<li>Administra\u00e7\u00e3o de alias e listas de correio via Web;<\/li>\n<li>Software de administra\u00e7\u00e3o do sitio Web (CMS);<\/li>\n<li>Webmail com calend\u00e1rio;<\/li>\n<li>Informa\u00e7\u00e3o via web do estado do servidor;<\/li>\n<li>Backup de configura\u00e7\u00e3o e arquivos via web;<\/li>\n<li>Analisador de Tr\u00e1fico (Sniffer);<\/li>\n<li>Administra\u00e7\u00e3o via Web, linha de comandos e local;<\/li>\n<li>Atualiza\u00e7\u00f5es do software autom\u00e1ticas e gratuitas.<\/li>\n<\/ul>\t\t\t\t\t\t<\/div>\n\t\t\t\t<\/div>\n\t\t\t\t\t<\/div>\n\t\t<\/div>\n\t\t\t\t<div class=\"elementor-column elementor-col-33 elementor-top-column elementor-element elementor-element-826cf14\" data-id=\"826cf14\" data-element_type=\"column\">\n\t\t\t<div class=\"elementor-widget-wrap elementor-element-populated\">\n\t\t\t\t\t\t\t\t<div class=\"elementor-element elementor-element-6ef10d7 elementor-widget elementor-widget-text-editor\" data-id=\"6ef10d7\" data-element_type=\"widget\" data-widget_type=\"text-editor.default\">\n\t\t\t\t<div class=\"elementor-widget-container\">\n\t\t\t\t\t\t\t<ul>\n<li>\n<p>Servi\u00e7o de Gest\u00e3o Multi WAN (gest\u00e3o de duas ou <br \/>mais liga\u00e7\u00f5es \u00e0 NET-WAN, no mesmo equipamento);<\/p>\n<\/li>\n<li>\n<p>Monitoriza\u00e7\u00e3o de QoS;<\/p>\n<\/li>\n<li>\n<p>Upgrade do Content Filter;<\/p>\n<\/li>\n<li>\n<p>GED \u2014Gest\u00e3o Eletr\u00f3nica de Documentos;<\/p>\n<\/li>\n<li>\n<p>Placas BRI\/RDIS, FXO ou FXS;<\/p>\n<\/li>\n<\/ul>\n<ul>\n<li>\n<p>Equipamentos de RACK;<\/p>\n<\/li>\n<li>\n<p>Desenvolvimento \u00e0 medida do Cliente;<\/p>\n<\/li>\n<li>\n<p>Manuten\u00e7\u00e3o e Administra\u00e7\u00e3o Remota;<\/p>\n<\/li>\n<li>\n<p>Instala\u00e7\u00e3o de servidor WEB com dom\u00ednio .pt sem necessidada de IP Fixo;<\/p>\n<\/li>\n<li>\n<p>Possibilidade de instala\u00e7\u00e3o de pacotes LINUX.<\/p>\n<\/li>\n<\/ul>\t\t\t\t\t\t<\/div>\n\t\t\t\t<\/div>\n\t\t\t\t\t<\/div>\n\t\t<\/div>\n\t\t\t\t<div class=\"elementor-column elementor-col-33 elementor-top-column elementor-element elementor-element-8c6d518\" data-id=\"8c6d518\" data-element_type=\"column\">\n\t\t\t<div class=\"elementor-widget-wrap elementor-element-populated\">\n\t\t\t\t\t\t\t\t<div class=\"elementor-element elementor-element-6061921 elementor-widget elementor-widget-text-editor\" data-id=\"6061921\" data-element_type=\"widget\" data-widget_type=\"text-editor.default\">\n\t\t\t\t<div class=\"elementor-widget-container\">\n\t\t\t\t\t\t\t<p><strong>Aspetos Positivos:<\/strong><\/p>\n<ul>\n<li>Rede segura<\/li>\n<li>Dados protegidos<\/li>\n<li>Uptime elevado<\/li>\n<li>Produtividade elevada<\/li>\n<\/ul>\n<p><strong>Aspetos Negativos:<\/strong><\/p>\n<ul>\n<li>Spam<\/li>\n<li>Virus<\/li>\n<li>Hackers<\/li>\n<li>Pornografia<\/li>\n<li>Vurnerabilidades<\/li>\n<li>Sites Impr\u00f3pios<\/li>\n<\/ul>\t\t\t\t\t\t<\/div>\n\t\t\t\t<\/div>\n\t\t\t\t\t<\/div>\n\t\t<\/div>\n\t\t\t\t\t\t\t<\/div>\n\t\t<\/section>\n\t\t\t\t<section class=\"elementor-section elementor-top-section elementor-element elementor-element-7dc3014 elementor-section-boxed elementor-section-height-default elementor-section-height-default\" data-id=\"7dc3014\" data-element_type=\"section\">\n\t\t\t\t\t\t<div class=\"elementor-container elementor-column-gap-default\">\n\t\t\t\t\t<div class=\"elementor-column elementor-col-100 elementor-top-column elementor-element elementor-element-dbf014b\" data-id=\"dbf014b\" data-element_type=\"column\">\n\t\t\t<div class=\"elementor-widget-wrap elementor-element-populated\">\n\t\t\t\t\t\t\t\t<div class=\"elementor-element elementor-element-01edccf elementor-absolute elementor-widget elementor-widget-image\" data-id=\"01edccf\" data-element_type=\"widget\" data-settings=\"{&quot;_position&quot;:&quot;absolute&quot;}\" data-widget_type=\"image.default\">\n\t\t\t\t<div class=\"elementor-widget-container\">\n\t\t\t<style>\/*! elementor - v3.6.7 - 03-07-2022 *\/\n.elementor-widget-image{text-align:center}.elementor-widget-image a{display:inline-block}.elementor-widget-image a img[src$=\".svg\"]{width:48px}.elementor-widget-image img{vertical-align:middle;display:inline-block}<\/style>\t\t\t\t\t\t\t\t\t\t\t\t<img loading=\"lazy\" decoding=\"async\" width=\"300\" height=\"213\" src=\"https:\/\/my-soc.net\/wp-content\/uploads\/2022\/07\/firewall-300x213.png\" class=\"attachment-medium size-medium\" alt=\"\" srcset=\"https:\/\/my-soc.net\/wp-content\/uploads\/2022\/07\/firewall-300x213.png 300w, https:\/\/my-soc.net\/wp-content\/uploads\/2022\/07\/firewall.png 696w\" sizes=\"auto, (max-width: 300px) 100vw, 300px\" \/>\t\t\t\t\t\t\t\t\t\t\t\t\t\t\t<\/div>\n\t\t\t\t<\/div>\n\t\t\t\t\t<\/div>\n\t\t<\/div>\n\t\t\t\t\t\t\t<\/div>\n\t\t<\/section>\n\t\t\t\t\t\t\t<\/div>\n\t\t","protected":false},"excerpt":{"rendered":"<p>Quais as caracter\u00edsticas e fun\u00e7\u00f5es do MY-SOC? Descri\u00e7\u00e3o Expans\u00f5es \u00e0s caracter\u00edsticas b\u00e1sicas Diferentes Aspetos Firewall com ou sem DMZ; Servidor de Proxy com cache da Web (transparente ou n\u00e3o, com ou sem autentica\u00e7\u00e3o); Estat\u00edsticas e relat\u00f3rios do Proxy, gerais ou por usu\u00e1rio; Filtro de conte\u00fados e bloqueio de Sites; Bloqueador de Programas peer-to-peer; Intrusion Detection [&hellip;]<\/p>\n","protected":false},"author":1,"featured_media":0,"parent":0,"menu_order":0,"comment_status":"closed","ping_status":"closed","template":"","meta":{"footnotes":""},"class_list":["post-2250","page","type-page","status-publish","hentry","entry"],"_links":{"self":[{"href":"https:\/\/my-soc.net\/index.php?rest_route=\/wp\/v2\/pages\/2250","targetHints":{"allow":["GET"]}}],"collection":[{"href":"https:\/\/my-soc.net\/index.php?rest_route=\/wp\/v2\/pages"}],"about":[{"href":"https:\/\/my-soc.net\/index.php?rest_route=\/wp\/v2\/types\/page"}],"author":[{"embeddable":true,"href":"https:\/\/my-soc.net\/index.php?rest_route=\/wp\/v2\/users\/1"}],"replies":[{"embeddable":true,"href":"https:\/\/my-soc.net\/index.php?rest_route=%2Fwp%2Fv2%2Fcomments&post=2250"}],"version-history":[{"count":17,"href":"https:\/\/my-soc.net\/index.php?rest_route=\/wp\/v2\/pages\/2250\/revisions"}],"predecessor-version":[{"id":2271,"href":"https:\/\/my-soc.net\/index.php?rest_route=\/wp\/v2\/pages\/2250\/revisions\/2271"}],"wp:attachment":[{"href":"https:\/\/my-soc.net\/index.php?rest_route=%2Fwp%2Fv2%2Fmedia&parent=2250"}],"curies":[{"name":"wp","href":"https:\/\/api.w.org\/{rel}","templated":true}]}}